{"id":7,"date":"2023-03-04T19:28:40","date_gmt":"2023-03-04T19:28:40","guid":{"rendered":"https:\/\/cmlab.com.ve\/?page_id=7"},"modified":"2023-12-22T01:27:35","modified_gmt":"2023-12-22T01:27:35","slug":"inicio","status":"publish","type":"page","link":"https:\/\/cmlab.com.ve\/","title":{"rendered":"Inicio"},"content":{"rendered":"\t\t<div data-elementor-type=\"wp-post\" data-elementor-id=\"7\" class=\"elementor elementor-7\" data-elementor-post-type=\"page\">\n\t\t\t\t\t\t<section class=\"elementor-section elementor-top-section elementor-element elementor-element-6d8f5dde elementor-section-boxed elementor-section-height-default elementor-section-height-default\" data-id=\"6d8f5dde\" data-element_type=\"section\" data-settings=\"{&quot;background_background&quot;:&quot;gradient&quot;}\">\n\t\t\t\t\t\t<div class=\"elementor-container elementor-column-gap-default\">\n\t\t\t\t\t<div class=\"elementor-column elementor-col-100 elementor-top-column elementor-element elementor-element-6cfa0711\" data-id=\"6cfa0711\" data-element_type=\"column\">\n\t\t\t<div class=\"elementor-widget-wrap elementor-element-populated\">\n\t\t\t\t\t\t<section class=\"elementor-section elementor-inner-section elementor-element elementor-element-33a843e4 elementor-section-boxed elementor-section-height-default elementor-section-height-default\" data-id=\"33a843e4\" data-element_type=\"section\">\n\t\t\t\t\t\t<div class=\"elementor-container elementor-column-gap-default\">\n\t\t\t\t\t<div class=\"elementor-column elementor-col-50 elementor-inner-column elementor-element elementor-element-11ebb604\" data-id=\"11ebb604\" data-element_type=\"column\" id=\"inicio\">\n\t\t\t<div class=\"elementor-widget-wrap elementor-element-populated\">\n\t\t\t\t\t\t<div class=\"elementor-element elementor-element-429de68a elementor-widget elementor-widget-image\" data-id=\"429de68a\" data-element_type=\"widget\" data-widget_type=\"image.default\">\n\t\t\t\t<div class=\"elementor-widget-container\">\n\t\t\t\t\t\t\t\t\t\t\t\t\t<img decoding=\"async\" width=\"302\" height=\"60\" src=\"https:\/\/cmlab.com.ve\/wp-content\/uploads\/2023\/03\/path3366.png\" class=\"attachment-large size-large wp-image-9\" alt=\"\" srcset=\"https:\/\/cmlab.com.ve\/wp-content\/uploads\/2023\/03\/path3366.png 302w, https:\/\/cmlab.com.ve\/wp-content\/uploads\/2023\/03\/path3366-300x60.png 300w\" sizes=\"(max-width: 302px) 100vw, 302px\" \/>\t\t\t\t\t\t\t\t\t\t\t\t\t<\/div>\n\t\t\t\t<\/div>\n\t\t\t\t\t<\/div>\n\t\t<\/div>\n\t\t\t\t<div class=\"elementor-column elementor-col-50 elementor-inner-column elementor-element elementor-element-5d7671e\" data-id=\"5d7671e\" data-element_type=\"column\">\n\t\t\t<div class=\"elementor-widget-wrap elementor-element-populated\">\n\t\t\t\t\t\t<div class=\"elementor-element elementor-element-d286511 elementor-icon-list--layout-inline elementor-align-right elementor-mobile-align-center elementor-list-item-link-full_width elementor-widget elementor-widget-icon-list\" data-id=\"d286511\" data-element_type=\"widget\" data-widget_type=\"icon-list.default\">\n\t\t\t\t<div class=\"elementor-widget-container\">\n\t\t\t\t\t<ul class=\"elementor-icon-list-items elementor-inline-items\">\n\t\t\t\t\t\t\t<li class=\"elementor-icon-list-item elementor-inline-item\">\n\t\t\t\t\t\t\t\t\t\t\t<a href=\"#inicio\">\n\n\t\t\t\t\t\t\t\t\t\t\t<span class=\"elementor-icon-list-text\">Inicio<\/span>\n\t\t\t\t\t\t\t\t\t\t\t<\/a>\n\t\t\t\t\t\t\t\t\t<\/li>\n\t\t\t\t\t\t\t\t<li class=\"elementor-icon-list-item elementor-inline-item\">\n\t\t\t\t\t\t\t\t\t\t\t<a href=\"#acerca\">\n\n\t\t\t\t\t\t\t\t\t\t\t<span class=\"elementor-icon-list-text\">Acerca de<\/span>\n\t\t\t\t\t\t\t\t\t\t\t<\/a>\n\t\t\t\t\t\t\t\t\t<\/li>\n\t\t\t\t\t\t\t\t<li class=\"elementor-icon-list-item elementor-inline-item\">\n\t\t\t\t\t\t\t\t\t\t\t<a href=\"#contacto\">\n\n\t\t\t\t\t\t\t\t\t\t\t<span class=\"elementor-icon-list-text\">Contacto<\/span>\n\t\t\t\t\t\t\t\t\t\t\t<\/a>\n\t\t\t\t\t\t\t\t\t<\/li>\n\t\t\t\t\t\t<\/ul>\n\t\t\t\t<\/div>\n\t\t\t\t<\/div>\n\t\t\t\t\t<\/div>\n\t\t<\/div>\n\t\t\t\t\t<\/div>\n\t\t<\/section>\n\t\t\t\t<div class=\"elementor-element elementor-element-27e5a761 elementor-widget elementor-widget-spacer\" data-id=\"27e5a761\" data-element_type=\"widget\" data-widget_type=\"spacer.default\">\n\t\t\t\t<div class=\"elementor-widget-container\">\n\t\t\t\t\t<div class=\"elementor-spacer\">\n\t\t\t<div class=\"elementor-spacer-inner\"><\/div>\n\t\t<\/div>\n\t\t\t\t<\/div>\n\t\t\t\t<\/div>\n\t\t\t\t<div class=\"elementor-element elementor-element-7e4cd54e elementor-widget elementor-widget-heading\" data-id=\"7e4cd54e\" data-element_type=\"widget\" data-widget_type=\"heading.default\">\n\t\t\t\t<div class=\"elementor-widget-container\">\n\t\t\t<h2 class=\"elementor-heading-title elementor-size-default\">LABORATORIOS CL\u00cdNICOS<\/h2>\t\t<\/div>\n\t\t\t\t<\/div>\n\t\t\t\t<div class=\"elementor-element elementor-element-5f94513e elementor-widget elementor-widget-text-editor\" data-id=\"5f94513e\" data-element_type=\"widget\" data-widget_type=\"text-editor.default\">\n\t\t\t\t<div class=\"elementor-widget-container\">\n\t\t\t\t\t\t\tSoftware operacional y de gesti\u00f3n administrativa\t\t\t\t\t\t<\/div>\n\t\t\t\t<\/div>\n\t\t\t\t<div class=\"elementor-element elementor-element-d012b7b elementor-widget elementor-widget-spacer\" data-id=\"d012b7b\" data-element_type=\"widget\" data-widget_type=\"spacer.default\">\n\t\t\t\t<div class=\"elementor-widget-container\">\n\t\t\t\t\t<div class=\"elementor-spacer\">\n\t\t\t<div class=\"elementor-spacer-inner\"><\/div>\n\t\t<\/div>\n\t\t\t\t<\/div>\n\t\t\t\t<\/div>\n\t\t\t\t<div class=\"elementor-element elementor-element-6bd1f237 elementor-align-center elementor-widget elementor-widget-button\" data-id=\"6bd1f237\" data-element_type=\"widget\" data-widget_type=\"button.default\">\n\t\t\t\t<div class=\"elementor-widget-container\">\n\t\t\t\t\t\t\t<div class=\"elementor-button-wrapper\">\n\t\t\t\t\t<a class=\"elementor-button elementor-button-link elementor-size-xl\" href=\"#elementor-action%3Aaction%3Dpopup%3Aopen%26settings%3DeyJpZCI6IjQxIiwidG9nZ2xlIjpmYWxzZX0%3D\">\n\t\t\t\t\t\t<span class=\"elementor-button-content-wrapper\">\n\t\t\t\t\t\t\t\t\t<span class=\"elementor-button-text\">SOLICITAR INFORMACI\u00d3N<\/span>\n\t\t\t\t\t<\/span>\n\t\t\t\t\t<\/a>\n\t\t\t\t<\/div>\n\t\t\t\t\t\t<\/div>\n\t\t\t\t<\/div>\n\t\t\t\t<div class=\"elementor-element elementor-element-1156ac0a elementor-widget elementor-widget-spacer\" data-id=\"1156ac0a\" data-element_type=\"widget\" data-widget_type=\"spacer.default\">\n\t\t\t\t<div class=\"elementor-widget-container\">\n\t\t\t\t\t<div class=\"elementor-spacer\">\n\t\t\t<div class=\"elementor-spacer-inner\"><\/div>\n\t\t<\/div>\n\t\t\t\t<\/div>\n\t\t\t\t<\/div>\n\t\t\t\t\t<\/div>\n\t\t<\/div>\n\t\t\t\t\t<\/div>\n\t\t<\/section>\n\t\t\t\t<section class=\"elementor-section elementor-top-section elementor-element elementor-element-67d156f1 elementor-section-boxed elementor-section-height-default elementor-section-height-default\" data-id=\"67d156f1\" data-element_type=\"section\" data-settings=\"{&quot;background_background&quot;:&quot;classic&quot;}\">\n\t\t\t\t\t\t<div class=\"elementor-container elementor-column-gap-default\">\n\t\t\t\t\t<div class=\"elementor-column elementor-col-100 elementor-top-column elementor-element elementor-element-17d9a2b\" data-id=\"17d9a2b\" data-element_type=\"column\">\n\t\t\t<div class=\"elementor-widget-wrap elementor-element-populated\">\n\t\t\t\t\t\t<div class=\"elementor-element elementor-element-6ef3463b elementor-widget elementor-widget-text-editor\" data-id=\"6ef3463b\" data-element_type=\"widget\" id=\"acerca\" data-widget_type=\"text-editor.default\">\n\t\t\t\t<div class=\"elementor-widget-container\">\n\t\t\t\t\t\t\t<p class=\"wb-stl-normal\"><strong>\u00abCMLab MCS\u00bb<\/strong>\u00a0proporciona la soluci\u00f3n total para los requerimientos de informaci\u00f3n del Laboratorio Cl\u00ednico o Bioqu\u00edmico.<\/p>\n<p class=\"wb-stl-normal\">Nuestro \u00e9xito es resultado de un s\u00f3lido conocimiento de las necesidades de los Usuarios, y de una pol\u00edtica de atenci\u00f3n personalizada.<\/p>\n\n<h3 class=\"wb-stl-heading2\">Con \u00abCMLab MCS\u00bb, usted podr\u00e1:<\/h3>\n<ul>\n \t<li class=\"wb-stl-normal\">Definir su propio Cat\u00e1logo de Pruebas organizadas en Areas y Perfiles (Rutinas), incluyendo entre otros: Qu\u00edmica Sangu\u00ednea, Hematolog\u00eda, Hormonas, Inmunolog\u00eda, Microbiolog\u00eda, Citolog\u00edas, \u2026<\/li>\n \t<li class=\"wb-stl-normal\">Registrar las Solicitudes de Ex\u00e1menes en el momento de recibirlas, efectuar el cobro, e imprimir Recibos de Caja, Facturas y Hojas de Trabajo.<\/li>\n \t<li class=\"wb-stl-normal\">Automatizar el c\u00e1lculo de f\u00f3rmulas. (INR, \u00edndices hematim\u00e9tricos, lipidogramas, entre otras.).<\/li>\n \t<li class=\"wb-stl-normal\">Localizar cualquier Solicitud de Ex\u00e1menes al instante. Registrar manualmente o verificar los Resultados. Imprimir Resultados total o parcialmente.<\/li>\n \t<li>Llevar el control de las Solicitudes de Ex\u00e1menes y de los Resultados.\u00a0Conservar la historia de resultados de cada Paciente con el fin de obtener estad\u00edsticas y res\u00f9menes.<\/li>\n \t<li>Automatizar las actividades de facturaci\u00f3n y llevar el control del IVA. M\u00faltiples puntos de facturaci\u00f3n (Cajas). Multiples listas de precios.\u00a0Obtener Estados de Cuenta por Paciente, o por Cliente, (seguros, cl\u00ednicas, particulares).<\/li>\n \t<li class=\"wb-stl-normal\">Controlar los inventarios de reactivos.<\/li>\n \t<li class=\"wb-stl-normal\">Establecer un control completo de permisos de acceso al sistema.<\/li>\n \t<li class=\"wb-stl-normal\">Obtener informes, auxiliares y estad\u00edsticas de utilidad comprobada para el Bioanalista, la Administraci\u00f3n, y la Gerencia del Laboratorio Clinico.<\/li>\n \t<li class=\"wb-stl-normal\">Enviar Resultados por correo electr\u00f3nico.<\/li>\n<\/ul>\t\t\t\t\t\t<\/div>\n\t\t\t\t<\/div>\n\t\t\t\t\t<\/div>\n\t\t<\/div>\n\t\t\t\t\t<\/div>\n\t\t<\/section>\n\t\t\t\t<section class=\"elementor-section elementor-top-section elementor-element elementor-element-266655 elementor-section-boxed elementor-section-height-default elementor-section-height-default\" data-id=\"266655\" data-element_type=\"section\" data-settings=\"{&quot;background_background&quot;:&quot;classic&quot;}\">\n\t\t\t\t\t\t<div class=\"elementor-container elementor-column-gap-default\">\n\t\t\t\t\t<div class=\"elementor-column elementor-col-100 elementor-top-column elementor-element elementor-element-1ef4223e\" data-id=\"1ef4223e\" data-element_type=\"column\">\n\t\t\t<div class=\"elementor-widget-wrap elementor-element-populated\">\n\t\t\t\t\t\t<div class=\"elementor-element elementor-element-1eb2a11e elementor-widget elementor-widget-text-editor\" data-id=\"1eb2a11e\" data-element_type=\"widget\" data-widget_type=\"text-editor.default\">\n\t\t\t\t<div class=\"elementor-widget-container\">\n\t\t\t\t\t\t\t<h3>Software administrativo para Laboratorios Cl\u00ednicos.<\/h3>\n\u00abCMLab MCS\u00bb es un programa que permite automatizar la gesti\u00f3n administrativa y proporciona apoyo a las operaciones del Laboratorio Cl\u00ednico \/ Bioquimico.\n\n\u00abCMLab MCS\u00bb destaca por su estabilidad, facilidad de uso, adaptabilidad y excelente desempe\u00f1o, que lo convierten en un poderoso auxiliar del Laboratorio Cl\u00ednico, de Microbiolog\u00eda o Bacteriolog\u00eda, y de Patolog\u00eda.\t\t\t\t\t\t<\/div>\n\t\t\t\t<\/div>\n\t\t\t\t<section class=\"elementor-section elementor-inner-section elementor-element elementor-element-6647324b elementor-section-boxed elementor-section-height-default elementor-section-height-default\" data-id=\"6647324b\" data-element_type=\"section\">\n\t\t\t\t\t\t<div class=\"elementor-container elementor-column-gap-default\">\n\t\t\t\t\t<div class=\"elementor-column elementor-col-33 elementor-inner-column elementor-element elementor-element-4d846f8c\" data-id=\"4d846f8c\" data-element_type=\"column\">\n\t\t\t<div class=\"elementor-widget-wrap elementor-element-populated\">\n\t\t\t\t\t\t<div class=\"elementor-element elementor-element-4e368825 elementor-widget elementor-widget-text-editor\" data-id=\"4e368825\" data-element_type=\"widget\" data-widget_type=\"text-editor.default\">\n\t\t\t\t<div class=\"elementor-widget-container\">\n\t\t\t\t\t\t\t<h3><b>Experiencia comprobable<\/b><\/h3>\n<p>\u00abCMLab MCS\u00bb fu\u00e9 dise\u00f1ado y programado en Venezuela en el a\u00f1o 1.999. Desde entonces ha contado con la aceptaci\u00f3n de numerosos Laboratorios Cl\u00ednicos.<br>Entre los usuarios de \u201cCMLab MCS\u201d hay Laboratorios Cl\u00ednicos Generales, de Microbiolog\u00eda, de Patolog\u00eda, de Hormonas, y de Inmunologia.<\/p>\t\t\t\t\t\t<\/div>\n\t\t\t\t<\/div>\n\t\t\t\t\t<\/div>\n\t\t<\/div>\n\t\t\t\t<div class=\"elementor-column elementor-col-33 elementor-inner-column elementor-element elementor-element-30e83b04\" data-id=\"30e83b04\" data-element_type=\"column\">\n\t\t\t<div class=\"elementor-widget-wrap elementor-element-populated\">\n\t\t\t\t\t\t<div class=\"elementor-element elementor-element-3511ba24 elementor-widget elementor-widget-text-editor\" data-id=\"3511ba24\" data-element_type=\"widget\" data-widget_type=\"text-editor.default\">\n\t\t\t\t<div class=\"elementor-widget-container\">\n\t\t\t\t\t\t\t<h3><b>F\u00e1cil de usar<\/b><\/h3><p>\u201cCMLab MCS\u201d no requiere que sus Usuarios tengan conocimientos especiales de inform\u00e1tica. Es un programa muy sencillo de usar. Adem\u00e1s es compatible con Windows XP y Windows 7.<\/p>\t\t\t\t\t\t<\/div>\n\t\t\t\t<\/div>\n\t\t\t\t\t<\/div>\n\t\t<\/div>\n\t\t\t\t<div class=\"elementor-column elementor-col-33 elementor-inner-column elementor-element elementor-element-25243414\" data-id=\"25243414\" data-element_type=\"column\">\n\t\t\t<div class=\"elementor-widget-wrap elementor-element-populated\">\n\t\t\t\t\t\t<div class=\"elementor-element elementor-element-501fec0f elementor-widget elementor-widget-text-editor\" data-id=\"501fec0f\" data-element_type=\"widget\" data-widget_type=\"text-editor.default\">\n\t\t\t\t<div class=\"elementor-widget-container\">\n\t\t\t\t\t\t\t<h3><b>Licencia y servicio<\/b><\/h3><p>\u201cCMLab MCS\u201d se suministra como un servicio, que incluye instalaci\u00f3n, actualizaciones, uso y asistencia t\u00e9cnica.<\/p><p>Cont\u00e1ctenos para recibir informaci\u00f3n detallada.<\/p>\t\t\t\t\t\t<\/div>\n\t\t\t\t<\/div>\n\t\t\t\t\t<\/div>\n\t\t<\/div>\n\t\t\t\t\t<\/div>\n\t\t<\/section>\n\t\t\t\t\t<\/div>\n\t\t<\/div>\n\t\t\t\t\t<\/div>\n\t\t<\/section>\n\t\t\t\t<section class=\"elementor-section elementor-top-section elementor-element elementor-element-11aeb4c6 elementor-section-boxed elementor-section-height-default elementor-section-height-default\" data-id=\"11aeb4c6\" data-element_type=\"section\" data-settings=\"{&quot;background_background&quot;:&quot;classic&quot;}\">\n\t\t\t\t\t\t<div class=\"elementor-container elementor-column-gap-default\">\n\t\t\t\t\t<div class=\"elementor-column elementor-col-100 elementor-top-column elementor-element elementor-element-30377ed5\" data-id=\"30377ed5\" data-element_type=\"column\">\n\t\t\t<div class=\"elementor-widget-wrap elementor-element-populated\">\n\t\t\t\t\t\t<section class=\"elementor-section elementor-inner-section elementor-element elementor-element-7e1b2c34 elementor-section-boxed elementor-section-height-default elementor-section-height-default\" data-id=\"7e1b2c34\" data-element_type=\"section\" id=\"contacto\">\n\t\t\t\t\t\t<div class=\"elementor-container elementor-column-gap-default\">\n\t\t\t\t\t<div class=\"elementor-column elementor-col-50 elementor-inner-column elementor-element elementor-element-2a501b30\" data-id=\"2a501b30\" data-element_type=\"column\">\n\t\t\t<div class=\"elementor-widget-wrap elementor-element-populated\">\n\t\t\t\t\t\t<div class=\"elementor-element elementor-element-6774b2cf elementor-widget elementor-widget-text-editor\" data-id=\"6774b2cf\" data-element_type=\"widget\" data-widget_type=\"text-editor.default\">\n\t\t\t\t<div class=\"elementor-widget-container\">\n\t\t\t\t\t\t\t<h4 class=\"widget-title\">Acerca de nosotros<\/h4>\n<div class=\"textwidget\">\n\nMillenium, casa del software\nMerida &#8211; Venezuela\nRIF: V-5204424-0\n\n<\/div>\t\t\t\t\t\t<\/div>\n\t\t\t\t<\/div>\n\t\t\t\t\t<\/div>\n\t\t<\/div>\n\t\t\t\t<div class=\"elementor-column elementor-col-50 elementor-inner-column elementor-element elementor-element-3752ae7a\" data-id=\"3752ae7a\" data-element_type=\"column\">\n\t\t\t<div class=\"elementor-widget-wrap elementor-element-populated\">\n\t\t\t\t\t\t<div class=\"elementor-element elementor-element-20a0be6f elementor-button-align-stretch elementor-widget elementor-widget-form\" data-id=\"20a0be6f\" data-element_type=\"widget\" data-settings=\"{&quot;step_next_label&quot;:&quot;Next&quot;,&quot;step_previous_label&quot;:&quot;Previous&quot;,&quot;button_width&quot;:&quot;100&quot;,&quot;step_type&quot;:&quot;number_text&quot;,&quot;step_icon_shape&quot;:&quot;circle&quot;}\" data-widget_type=\"form.default\">\n\t\t\t\t<div class=\"elementor-widget-container\">\n\t\t\t\t\t<form class=\"elementor-form\" method=\"post\" name=\"Formulario\">\n\t\t\t<input type=\"hidden\" name=\"post_id\" value=\"7\"\/>\n\t\t\t<input type=\"hidden\" name=\"form_id\" value=\"20a0be6f\"\/>\n\t\t\t<input type=\"hidden\" name=\"referer_title\" value=\"\" \/>\n\n\t\t\t\n\t\t\t<div class=\"elementor-form-fields-wrapper elementor-labels-\">\n\t\t\t\t\t\t\t\t<div class=\"elementor-field-type-html elementor-field-group elementor-column elementor-field-group-field_d753f3e elementor-col-100\">\n\t\t\t\t\t<strong>Cont\u00e1ctenos:<\/strong><br>\nSolicite folleto y tarifa, enviando la siguiente informaci\u00f3n:\t\t\t\t<\/div>\n\t\t\t\t\t\t\t\t<div class=\"elementor-field-type-text elementor-field-group elementor-column elementor-field-group-name elementor-col-50 elementor-field-required\">\n\t\t\t\t\t\t\t\t\t\t\t\t<label for=\"form-field-name\" class=\"elementor-field-label elementor-screen-only\">\n\t\t\t\t\t\t\t\tLaboratorio\t\t\t\t\t\t\t<\/label>\n\t\t\t\t\t\t\t\t\t\t\t\t\t\t<input size=\"1\" type=\"text\" name=\"form_fields[name]\" id=\"form-field-name\" class=\"elementor-field elementor-size-sm  elementor-field-textual\" placeholder=\"Nombre del laboratorio\" required=\"required\" aria-required=\"true\">\n\t\t\t\t\t\t\t\t\t\t\t<\/div>\n\t\t\t\t\t\t\t\t<div class=\"elementor-field-type-text elementor-field-group elementor-column elementor-field-group-field_dd765ea elementor-col-50 elementor-field-required\">\n\t\t\t\t\t\t\t\t\t\t\t\t<label for=\"form-field-field_dd765ea\" class=\"elementor-field-label elementor-screen-only\">\n\t\t\t\t\t\t\t\tEstado o Provincia\t\t\t\t\t\t\t<\/label>\n\t\t\t\t\t\t\t\t\t\t\t\t\t\t<input size=\"1\" type=\"text\" name=\"form_fields[field_dd765ea]\" id=\"form-field-field_dd765ea\" class=\"elementor-field elementor-size-sm  elementor-field-textual\" placeholder=\"Estado o Provincia\" required=\"required\" aria-required=\"true\">\n\t\t\t\t\t\t\t\t\t\t\t<\/div>\n\t\t\t\t\t\t\t\t<div class=\"elementor-field-type-text elementor-field-group elementor-column elementor-field-group-field_40beb46 elementor-col-50 elementor-field-required\">\n\t\t\t\t\t\t\t\t\t\t\t\t<label for=\"form-field-field_40beb46\" class=\"elementor-field-label elementor-screen-only\">\n\t\t\t\t\t\t\t\tCiudad\t\t\t\t\t\t\t<\/label>\n\t\t\t\t\t\t\t\t\t\t\t\t\t\t<input size=\"1\" type=\"text\" name=\"form_fields[field_40beb46]\" id=\"form-field-field_40beb46\" class=\"elementor-field elementor-size-sm  elementor-field-textual\" placeholder=\"Ciudad\" required=\"required\" aria-required=\"true\">\n\t\t\t\t\t\t\t\t\t\t\t<\/div>\n\t\t\t\t\t\t\t\t<div class=\"elementor-field-type-text elementor-field-group elementor-column elementor-field-group-field_761911d elementor-col-50 elementor-field-required\">\n\t\t\t\t\t\t\t\t\t\t\t\t<label for=\"form-field-field_761911d\" class=\"elementor-field-label elementor-screen-only\">\n\t\t\t\t\t\t\t\tPais\t\t\t\t\t\t\t<\/label>\n\t\t\t\t\t\t\t\t\t\t\t\t\t\t<input size=\"1\" type=\"text\" name=\"form_fields[field_761911d]\" id=\"form-field-field_761911d\" class=\"elementor-field elementor-size-sm  elementor-field-textual\" placeholder=\"Pais\" required=\"required\" aria-required=\"true\">\n\t\t\t\t\t\t\t\t\t\t\t<\/div>\n\t\t\t\t\t\t\t\t<div class=\"elementor-field-type-text elementor-field-group elementor-column elementor-field-group-field_96d29f4 elementor-col-100 elementor-field-required\">\n\t\t\t\t\t\t\t\t\t\t\t\t<label for=\"form-field-field_96d29f4\" class=\"elementor-field-label elementor-screen-only\">\n\t\t\t\t\t\t\t\tNombre del contacto\t\t\t\t\t\t\t<\/label>\n\t\t\t\t\t\t\t\t\t\t\t\t\t\t<input size=\"1\" type=\"text\" name=\"form_fields[field_96d29f4]\" id=\"form-field-field_96d29f4\" class=\"elementor-field elementor-size-sm  elementor-field-textual\" placeholder=\"Nombre del contacto\" required=\"required\" aria-required=\"true\">\n\t\t\t\t\t\t\t\t\t\t\t<\/div>\n\t\t\t\t\t\t\t\t<div class=\"elementor-field-type-email elementor-field-group elementor-column elementor-field-group-email elementor-col-100 elementor-field-required\">\n\t\t\t\t\t\t\t\t\t\t\t\t<label for=\"form-field-email\" class=\"elementor-field-label elementor-screen-only\">\n\t\t\t\t\t\t\t\tEmail\t\t\t\t\t\t\t<\/label>\n\t\t\t\t\t\t\t\t\t\t\t\t\t\t<input size=\"1\" type=\"email\" name=\"form_fields[email]\" id=\"form-field-email\" class=\"elementor-field elementor-size-sm  elementor-field-textual\" placeholder=\"Email\" required=\"required\" aria-required=\"true\">\n\t\t\t\t\t\t\t\t\t\t\t<\/div>\n\t\t\t\t\t\t\t\t<div class=\"elementor-field-type-tel elementor-field-group elementor-column elementor-field-group-message elementor-col-100 elementor-field-required\">\n\t\t\t\t\t\t\t\t\t\t\t\t<label for=\"form-field-message\" class=\"elementor-field-label elementor-screen-only\">\n\t\t\t\t\t\t\t\tTelefono\t\t\t\t\t\t\t<\/label>\n\t\t\t\t\t\t\t\t<input size=\"1\" type=\"tel\" name=\"form_fields[message]\" id=\"form-field-message\" class=\"elementor-field elementor-size-sm  elementor-field-textual\" placeholder=\"Telefono\" required=\"required\" aria-required=\"true\" pattern=\"[0-9()#&amp;+*-=.]+\" title=\"Only numbers and phone characters (#, -, *, etc) are accepted.\">\n\n\t\t\t\t\t\t<\/div>\n\t\t\t\t\t\t\t\t<div class=\"elementor-field-group elementor-column elementor-field-type-submit elementor-col-100 e-form__buttons\">\n\t\t\t\t\t<button class=\"elementor-button elementor-size-sm\" type=\"submit\">\n\t\t\t\t\t\t<span class=\"elementor-button-content-wrapper\">\n\t\t\t\t\t\t\t\t\t\t\t\t\t\t\t\t\t\t\t\t\t\t<span class=\"elementor-button-text\">Enviar<\/span>\n\t\t\t\t\t\t\t\t\t\t\t\t\t<\/span>\n\t\t\t\t\t<\/button>\n\t\t\t\t<\/div>\n\t\t\t<\/div>\n\t\t<\/form>\n\t\t\t\t<\/div>\n\t\t\t\t<\/div>\n\t\t\t\t\t<\/div>\n\t\t<\/div>\n\t\t\t\t\t<\/div>\n\t\t<\/section>\n\t\t\t\t\t<\/div>\n\t\t<\/div>\n\t\t\t\t\t<\/div>\n\t\t<\/section>\n\t\t\t\t<section class=\"elementor-section elementor-top-section elementor-element elementor-element-2f7d0e42 elementor-section-boxed elementor-section-height-default elementor-section-height-default\" data-id=\"2f7d0e42\" data-element_type=\"section\" data-settings=\"{&quot;background_background&quot;:&quot;classic&quot;}\">\n\t\t\t\t\t\t<div class=\"elementor-container elementor-column-gap-default\">\n\t\t\t\t\t<div class=\"elementor-column elementor-col-100 elementor-top-column elementor-element elementor-element-8e068bb\" data-id=\"8e068bb\" data-element_type=\"column\">\n\t\t\t<div class=\"elementor-widget-wrap elementor-element-populated\">\n\t\t\t\t\t\t<div class=\"elementor-element elementor-element-373cf0af elementor-widget elementor-widget-text-editor\" data-id=\"373cf0af\" data-element_type=\"widget\" data-widget_type=\"text-editor.default\">\n\t\t\t\t<div class=\"elementor-widget-container\">\n\t\t\t\t\t\t\t<footer id=\"footer\" class=\"footer\" role=\"contentinfo\"><div class=\"footer-btm-bar\"><div class=\"container\"><div class=\"footer-copyright row\"><div class=\"col-xs-12\"><p><span class=\"footer_copy\">\u00a9 2002 Millenium, casa del software<\/span><\/p><\/div><\/div><\/div><\/div><\/footer>\t\t\t\t\t\t<\/div>\n\t\t\t\t<\/div>\n\t\t\t\t\t<\/div>\n\t\t<\/div>\n\t\t\t\t\t<\/div>\n\t\t<\/section>\n\t\t\t\t<\/div>\n\t\t","protected":false},"excerpt":{"rendered":"<p>Inicio Acerca de Contacto LABORATORIOS CL\u00cdNICOS Software operacional y de gesti\u00f3n administrativa SOLICITAR INFORMACI\u00d3N \u00abCMLab MCS\u00bb\u00a0proporciona la soluci\u00f3n total para los requerimientos de informaci\u00f3n del Laboratorio Cl\u00ednico o Bioqu\u00edmico. Nuestro \u00e9xito es resultado de un s\u00f3lido conocimiento de las necesidades de los Usuarios, y de una pol\u00edtica de atenci\u00f3n personalizada. Con \u00abCMLab MCS\u00bb, usted podr\u00e1: [&hellip;]<\/p>\n","protected":false},"author":1,"featured_media":0,"parent":0,"menu_order":0,"comment_status":"closed","ping_status":"closed","template":"elementor_canvas","meta":{"footnotes":""},"class_list":["post-7","page","type-page","status-publish","hentry"],"_links":{"self":[{"href":"https:\/\/cmlab.com.ve\/index.php?rest_route=\/wp\/v2\/pages\/7","targetHints":{"allow":["GET"]}}],"collection":[{"href":"https:\/\/cmlab.com.ve\/index.php?rest_route=\/wp\/v2\/pages"}],"about":[{"href":"https:\/\/cmlab.com.ve\/index.php?rest_route=\/wp\/v2\/types\/page"}],"author":[{"embeddable":true,"href":"https:\/\/cmlab.com.ve\/index.php?rest_route=\/wp\/v2\/users\/1"}],"replies":[{"embeddable":true,"href":"https:\/\/cmlab.com.ve\/index.php?rest_route=%2Fwp%2Fv2%2Fcomments&post=7"}],"version-history":[{"count":17,"href":"https:\/\/cmlab.com.ve\/index.php?rest_route=\/wp\/v2\/pages\/7\/revisions"}],"predecessor-version":[{"id":46,"href":"https:\/\/cmlab.com.ve\/index.php?rest_route=\/wp\/v2\/pages\/7\/revisions\/46"}],"wp:attachment":[{"href":"https:\/\/cmlab.com.ve\/index.php?rest_route=%2Fwp%2Fv2%2Fmedia&parent=7"}],"curies":[{"name":"wp","href":"https:\/\/api.w.org\/{rel}","templated":true}]}}